{"id":3942,"date":"2023-07-05T13:45:03","date_gmt":"2023-07-05T13:45:03","guid":{"rendered":"https:\/\/newanderthal.stg.mindshaker.com\/business-areas\/decskill-talent\/"},"modified":"2024-02-09T17:23:40","modified_gmt":"2024-02-09T17:23:40","slug":"decskill-talent","status":"publish","type":"page","link":"https:\/\/newanderthal.pt\/fr\/business-areas\/decskill-talent\/","title":{"rendered":"Decskill Talent"},"content":{"rendered":"<h2>DOMAINE D&rsquo;ACTIVIT\u00c9<\/h2>\n<p><img decoding=\"async\" src=\"\/wp-content\/uploads\/2023\/07\/LOGOS_NOVOS_TBC-01-1-1.svg\" alt=\"\"><\/p>\n<div>\n<p>Nous appliquons des mod\u00e8les de collaboration innovants et solides, mis en oeuvre pour r\u00e9duire les \u00e9carts de comp\u00e9tences au sein d\u2019entreprises de premier plan, leur permettent de relever ces probl\u00e8mes lorsque les demandes commerciales sont \u00e0 leur maximum<\/p>\n<\/div>\n<h2><strong>Renforcez vos aspirations num\u00e9riques. Agrandissez facilement votre \u00e9quipe selon les besoins. Comblez les lacunes en mati\u00e8re de comp\u00e9tences pour les pics de demandes commerciales avec nos mod\u00e8les de collaboration raffin\u00e9s.<\/strong><\/h2>\n<div>\n<p>Les entreprises sont souvent confront\u00e9es \u00e0 des d\u00e9fis lorsque les livraisons technologiques ne r\u00e9pondent pas \u00e0 leurs attentes en mati\u00e8re de transformation, d&rsquo;\u00e9volutivit\u00e9 et de croissance. La taille des \u00e9quipes peut \u00eatre augment\u00e9e en fonction de la demande et avec une planification minutieuse pour s&rsquo;aligner sur les besoins en \u00e9volution.<\/p>\n<\/div>\n<p><img decoding=\"async\" src=\"\/wp-content\/uploads\/2023\/07\/Rectangle-48.png\" alt=\"\"><\/p>\n<h2>\u00c9quipe \u00c9largie<\/h2>\n<div>\n<p>Ajoutez des comp\u00e9tences \u00e0 votre \u00e9quipe existante, g\u00e9r\u00e9e par vos chefs de projet.<\/p>\n<p>Nous assurons l&rsquo;agilit\u00e9 pour le processus d&rsquo;acquisition de talents.<\/p>\n<p><strong>Avantages :<\/strong><\/p>\n<ul>\n<li>Contr\u00f4lez totalement les processus et la gestion de l&rsquo;\u00e9quipe;<\/li>\n<li>Acc\u00e9l\u00e9rez les livrables avec un court d\u00e9lai de mise sur le march\u00e9;<\/li>\n<li>Cr\u00e9ez plusieurs cellules d&rsquo;\u00e9quipe pour des projets de longue dur\u00e9e;<\/li>\n<li>Meilleur \u00e9quilibre de l&rsquo;\u00e9quipe avec un accent sp\u00e9cifique sur les user stories, la r\u00e9solution de probl\u00e8mes, la dette technique ou les tests.<\/li>\n<\/ul>\n<\/div>\n<p><img decoding=\"async\" src=\"\/wp-content\/uploads\/2023\/07\/Rectangle-49-1.png\" alt=\"\"><\/p>\n<h2><span>\u00c9quipe G\u00e9r\u00e9e<\/span><\/h2>\n<div>\n<p>Mettez en place une \u00e9quipe pour le d\u00e9veloppement, le support ou la gestion de l&rsquo;infrastructure, orient\u00e9e vers un objectif sp\u00e9cifique et un p\u00e9rim\u00e8tre d\u00e9fini, avec des accords de niveau de service (SLA) clairs et des livrables attendus.<\/p>\n<p><strong>Avantages :<\/strong><\/p>\n<ul>\n<li>Int\u00e9gration et transfert de connaissances en douceur ;<\/li>\n<li>Une \u00e9quipe qui s\u2019engage sur les r\u00e9sultats et ax\u00e9e sur la production;<\/li>\n<li>La d\u00e9finition des principaux KPI pour le suivi et le contr\u00f4le;<\/li>\n<li>Une communication r\u00e9guli\u00e8re sur l&rsquo;\u00e9tat, le reporting et la r\u00e9solution des probl\u00e8mes;<\/li>\n<li>Une \u00e9valuation et des revues r\u00e9guli\u00e8res des performances de l&rsquo;\u00e9quipe g\u00e9r\u00e9e;<\/li>\n<li>Un partage des risques avec la gestion des services 360.<\/li>\n<\/ul>\n<\/div>\n<p>\n    <a href=\"https:\/\/decskill.com\/en\/talent\/\">VISITEZ LE SITE WEB<\/a>\n<\/p>\n<h2><strong>Pourquoi Decskill Talent ?<\/strong><\/h2>\n<ul>\n<li>\n<div>Plus de 500 experts qualifi\u00e9s<\/div>\n<div>\n<p>Nous disposons d&rsquo;une \u00e9quipe puissante et exp\u00e9riment\u00e9e, ayant d\u00e9j\u00e0 fait ses preuves dans la livraison de solutions num\u00e9riques de haute qualit\u00e9 dans tous les secteurs, allant de la banque aux services publics en passant par l&rsquo;assurance.<\/p>\n<\/div>\n<\/li>\n<li>\n<div>Construire l&rsquo;\u00e9quipe id\u00e9ale<\/div>\n<div>\n<p>Nous constituons des \u00e9quipes pr\u00eates \u00e0 r\u00e9pondre \u00e0 vos besoins en termes de taille et de comp\u00e9tences, flexibles et orient\u00e9es vers la fourniture de solutions et de produits end-to-end. Une \u00e9quipe Squad est g\u00e9n\u00e9ralement compos\u00e9e d\u2019un Product Owner, d\u2019un Scrum Master et de deux \u00e0 quatre d\u00e9veloppeurs.<\/p>\n<\/div>\n<\/li>\n<li>\n<div>Expertise dans une gamme de piles technologiques<\/div>\n<div>\n<p>Notre \u00e9quipe technique est comp\u00e9tente dans diff\u00e9rentes<br \/>technologies : .Net, Java, PHP, Angular, React, OutSystems, Mobile, DevOps, Python, DBA, C++, Chefs de Projet, Testeur Automatisation, Ing\u00e9nieur Donn\u00e9es, Data Scientist, Sys Admin\u2026<\/p>\n<\/div>\n<\/li>\n<\/ul>\n<div>Renforcez votre \u00e9quipe technique avec des talents de premier plan!<\/div>\n<p>\n    <a href=\"mailto:geral@newanderthal.pt\">PARLEZ AVEC NOUS<\/a>\n<\/p>\n<p><!--more--><br \/>\n<!-- {\"type\":\"layout\",\"children\":[{\"name\":\"Hero\",\"type\":\"section\",\"props\":{\"animation\":\"fade\",\"header_transparent\":\"light\",\"header_transparent_noplaceholder\":true,\"height\":\"full\",\"image\":\"wp-content\\\/uploads\\\/2023\\\/07\\\/Rectangle-47.png\",\"image_loading\":true,\"image_position\":\"center-center\",\"image_size\":\"cover\",\"image_width\":\"2560\",\"style\":\"default\",\"text_color\":\"light\",\"title_breakpoint\":\"xl\",\"title_position\":\"top-left\",\"title_rotation\":\"left\",\"vertical_align\":\"middle\",\"width\":\"default\"},\"children\":[{\"type\":\"row\",\"children\":[{\"type\":\"column\",\"props\":{\"image_position\":\"center-center\",\"position_sticky_breakpoint\":\"m\",\"width_medium\":\"1-1\"},\"children\":[{\"type\":\"headline\",\"props\":{\"content\":\"DOMAINE D'ACTIVIT\\u00c9\",\"margin\":\"default\",\"text_align\":\"center\",\"title_color\":\"primary\",\"title_element\":\"h2\",\"title_style\":\"h6\"}},{\"type\":\"image\",\"props\":{\"image\":\"wp-content\\\/uploads\\\/2023\\\/07\\\/LOGOS_NOVOS_TBC-01-1-1.svg\",\"image_svg_color\":\"emphasis\",\"image_width\":\"344\",\"margin\":\"medium\",\"text_align\":\"center\"}},{\"type\":\"text\",\"props\":{\"animation\":\"slide-top-small\",\"block_align\":\"center\",\"class\":\"uk-h4 uk-text-light\",\"column_breakpoint\":\"m\",\"content\":\"\n\n<p>Nous appliquons des mod\\u00e8les de collaboration innovants et solides, mis en oeuvre pour r\\u00e9duire les \\u00e9carts de comp\\u00e9tences au sein d\\u2019entreprises de premier plan, leur permettent de relever ces probl\\u00e8mes lorsque les demandes commerciales sont \\u00e0 leur maximum<\\\/p>\",\"margin\":\"default\",\"text_align\":\"center\"}}]}],\"props\":{\"width\":\"small\"}}]},{\"name\":\"S & C\",\"type\":\"section\",\"props\":{\"animation\":\"fade\",\"animation_delay\":\"200\",\"image_position\":\"center-center\",\"image_size\":\"cover\",\"padding\":\"large\",\"style\":\"default\",\"title_breakpoint\":\"xl\",\"title_position\":\"top-left\",\"title_rotation\":\"left\",\"vertical_align\":\"middle\",\"width\":\"default\"},\"children\":[{\"type\":\"row\",\"props\":{\"margin\":\"small\"},\"children\":[{\"type\":\"column\",\"props\":{\"image_position\":\"center-center\",\"position_sticky_breakpoint\":\"m\",\"width_medium\":\"1-1\"},\"children\":[{\"type\":\"headline\",\"props\":{\"content\":\"<strong>Renforcez vos aspirations num\\u00e9riques. Agrandissez facilement votre \\u00e9quipe selon les besoins. Comblez les lacunes en mati\\u00e8re de comp\\u00e9tences pour les pics de demandes commerciales avec nos mod\\u00e8les de collaboration raffin\\u00e9s.<\\\/strong>\",\"title_color\":\"secondary\",\"title_decoration\":\"bullet\",\"title_element\":\"h2\",\"title_style\":\"h1\"}}]}]},{\"type\":\"row\",\"children\":[{\"type\":\"column\",\"props\":{\"image_position\":\"center-center\",\"position_sticky_breakpoint\":\"m\"},\"children\":[{\"type\":\"text\",\"props\":{\"column_breakpoint\":\"m\",\"content\":\"\n\n<p>Les entreprises sont souvent confront\\u00e9es \\u00e0 des d\\u00e9fis lorsque les livraisons technologiques ne r\\u00e9pondent pas \\u00e0 leurs attentes en mati\\u00e8re de transformation, d'\\u00e9volutivit\\u00e9 et de croissance. La taille des \\u00e9quipes peut \\u00eatre augment\\u00e9e en fonction de la demande et avec une planification minutieuse pour s'aligner sur les besoins en \\u00e9volution.<\\\/p>\",\"margin\":\"default\"}}]}]},{\"type\":\"row\",\"props\":{\"column_gap\":\"large\",\"layout\":\"1-2,1-2\"},\"children\":[{\"type\":\"column\",\"props\":{\"image_position\":\"center-center\",\"position_sticky_breakpoint\":\"m\",\"width_medium\":\"1-2\"},\"children\":[{\"type\":\"image\",\"props\":{\"image\":\"wp-content\\\/uploads\\\/2023\\\/07\\\/Rectangle-48.png\",\"image_svg_color\":\"emphasis\",\"image_width\":\"860px\",\"margin\":\"default\"}},{\"type\":\"headline\",\"props\":{\"content\":\"\\u00c9quipe \\u00c9largie\",\"title_color\":\"primary\",\"title_element\":\"h2\",\"title_style\":\"h3\"}},{\"type\":\"text\",\"props\":{\"column_breakpoint\":\"m\",\"content\":\"\n\n<p>Ajoutez des comp\\u00e9tences \\u00e0 votre \\u00e9quipe existante, g\\u00e9r\\u00e9e par vos chefs de projet.<\\\/p>\\n\n\n<p><br \\\/>Nous assurons l'agilit\\u00e9 pour le processus d'acquisition de talents.<\\\/p>\\n\n\n<p><br \\\/><strong>Avantages :<\\\/strong><\\\/p>\\n\n\n<ul>\\n\n\n<li>Contr\\u00f4lez totalement les processus et la gestion de l'\\u00e9quipe;<\\\/li>\\n\n\n<li>Acc\\u00e9l\\u00e9rez les livrables avec un court d\\u00e9lai de mise sur le march\\u00e9;<\\\/li>\\n\n\n<li>Cr\\u00e9ez plusieurs cellules d'\\u00e9quipe pour des projets de longue dur\\u00e9e;<\\\/li>\\n\n\n<li>Meilleur \\u00e9quilibre de l'\\u00e9quipe avec un accent sp\\u00e9cifique sur les user stories, la r\\u00e9solution de probl\\u00e8mes, la dette technique ou les tests.<\\\/li>\\n<\\\/ul>\",\"margin\":\"default\"}}]},{\"type\":\"column\",\"props\":{\"image_position\":\"center-center\",\"position_sticky_breakpoint\":\"m\",\"width_medium\":\"1-2\"},\"children\":[{\"type\":\"image\",\"props\":{\"image\":\"wp-content\\\/uploads\\\/2023\\\/07\\\/Rectangle-49-1.png\",\"image_svg_color\":\"emphasis\",\"image_width\":\"860px\",\"margin\":\"default\"}},{\"type\":\"headline\",\"props\":{\"content\":\"<span>\\u00c9quipe G\\u00e9r\\u00e9e<\\\/span>\",\"title_color\":\"primary\",\"title_element\":\"h2\",\"title_style\":\"h3\"}},{\"type\":\"text\",\"props\":{\"column_breakpoint\":\"m\",\"content\":\"\n\n<p>Mettez en place une \\u00e9quipe pour le d\\u00e9veloppement, le support ou la gestion de l'infrastructure, orient\\u00e9e vers un objectif sp\\u00e9cifique et un p\\u00e9rim\\u00e8tre d\\u00e9fini, avec des accords de niveau de service (SLA) clairs et des livrables attendus.<\\\/p>\\n\n\n<p><br \\\/><strong>Avantages :<\\\/strong><\\\/p>\\n\n\n<ul>\\n\n\n<li>Int\\u00e9gration et transfert de connaissances en douceur ;<\\\/li>\\n\n\n<li>Une \\u00e9quipe qui s\\u2019engage sur les r\\u00e9sultats et ax\\u00e9e sur la production;<\\\/li>\\n\n\n<li>La d\\u00e9finition des principaux KPI pour le suivi et le contr\\u00f4le;<\\\/li>\\n\n\n<li>Une communication r\\u00e9guli\\u00e8re sur l'\\u00e9tat, le reporting et la r\\u00e9solution des probl\\u00e8mes;<\\\/li>\\n\n\n<li>Une \\u00e9valuation et des revues r\\u00e9guli\\u00e8res des performances de l'\\u00e9quipe g\\u00e9r\\u00e9e;<\\\/li>\\n\n\n<li>Un partage des risques avec la gestion des services 360.<\\\/li>\\n<\\\/ul>\",\"margin\":\"default\"}}]}]},{\"type\":\"row\",\"props\":{\"margin\":\"medium\"},\"children\":[{\"type\":\"column\",\"props\":{\"image_position\":\"center-center\",\"position_sticky_breakpoint\":\"m\"},\"children\":[{\"type\":\"button\",\"props\":{\"grid_column_gap\":\"small\",\"grid_row_gap\":\"small\",\"margin\":\"default\",\"text_align\":\"center\"},\"children\":[{\"type\":\"button_item\",\"props\":{\"button_style\":\"default\",\"content\":\"VISITEZ LE SITE WEB\",\"icon_align\":\"left\",\"link\":\"https:\\\/\\\/decskill.com\\\/en\\\/talent\\\/\",\"link_target\":\"blank\"}}]}]}]}]},{\"type\":\"section\",\"props\":{\"image_position\":\"center-center\",\"padding\":\"large\",\"preserve_color\":true,\"style\":\"primary\",\"title_breakpoint\":\"xl\",\"title_position\":\"top-left\",\"title_rotation\":\"left\",\"vertical_align\":\"middle\",\"width\":\"default\"},\"children\":[{\"type\":\"row\",\"props\":{\"margin\":\"large\"},\"children\":[{\"type\":\"column\",\"props\":{\"image_position\":\"center-center\",\"position_sticky_breakpoint\":\"m\",\"width_medium\":\"1-1\"},\"children\":[{\"type\":\"headline\",\"props\":{\"class\":\"uk-text-capitalize\",\"content\":\"<strong>Pourquoi Decskill Talent ?<\\\/strong>\",\"title_decoration\":\"bullet\",\"title_element\":\"h2\"}}]}]},{\"type\":\"row\",\"children\":[{\"type\":\"column\",\"props\":{\"image_position\":\"center-center\",\"position_sticky_breakpoint\":\"m\"},\"children\":[{\"type\":\"panel-slider\",\"props\":{\"class\":\"business-area-slider\",\"content_column_breakpoint\":\"m\",\"content_margin\":\"medium\",\"icon_width\":80,\"image_align\":\"top\",\"image_grid_breakpoint\":\"m\",\"image_grid_width\":\"1-2\",\"image_svg_color\":\"emphasis\",\"link_style\":\"default\",\"link_text\":\"Read more\",\"margin\":\"default\",\"meta_align\":\"below-title\",\"meta_element\":\"div\",\"meta_style\":\"text-meta\",\"nav\":\"dotnav\",\"nav_align\":\"center\",\"nav_breakpoint\":\"\",\"nav_color\":\"light\",\"nav_margin\":\"large\",\"panel_card_match\":true,\"panel_padding\":\"large\",\"panel_style\":\"card-default\",\"show_content\":true,\"show_image\":false,\"show_link\":false,\"show_meta\":true,\"show_title\":true,\"slidenav\":\"outside\",\"slidenav_breakpoint\":\"xl\",\"slidenav_margin\":\"medium\",\"slidenav_outside_breakpoint\":\"xl\",\"slider_autoplay_pause\":true,\"slider_gap\":\"default\",\"slider_width\":\"fixed\",\"slider_width_default\":\"1-1\",\"slider_width_medium\":\"1-3\",\"slider_width_small\":\"1-2\",\"text_align\":\"center\",\"title_align\":\"top\",\"title_color\":\"primary\",\"title_element\":\"div\",\"title_grid_breakpoint\":\"m\",\"title_grid_width\":\"1-2\",\"title_hover_style\":\"reset\",\"title_style\":\"text-large\"},\"children\":[{\"type\":\"panel-slider_item\",\"props\":{\"content\":\"\n\n<p>Nous disposons d'une \\u00e9quipe puissante et exp\\u00e9riment\\u00e9e, ayant d\\u00e9j\\u00e0 fait ses preuves dans la livraison de solutions num\\u00e9riques de haute qualit\\u00e9 dans tous les secteurs, allant de la banque aux services publics en passant par l'assurance.<\\\/p>\",\"title\":\"Plus de 500 experts qualifi\\u00e9s\"}},{\"type\":\"panel-slider_item\",\"props\":{\"content\":\"\n\n<p>Nous constituons des \\u00e9quipes pr\\u00eates \\u00e0 r\\u00e9pondre \\u00e0 vos besoins en termes de taille et de comp\\u00e9tences, flexibles et orient\\u00e9es vers la fourniture de solutions et de produits end-to-end. Une \\u00e9quipe Squad est g\\u00e9n\\u00e9ralement compos\\u00e9e d\\u2019un Product Owner, d\\u2019un Scrum Master et de deux \\u00e0 quatre d\\u00e9veloppeurs.<\\\/p>\",\"title\":\"Construire l'\\u00e9quipe id\\u00e9ale\"}},{\"type\":\"panel-slider_item\",\"props\":{\"content\":\"\n\n<p>Notre \\u00e9quipe technique est comp\\u00e9tente dans diff\\u00e9rentes<br \\\/>technologies : .Net, Java, PHP, Angular, React, OutSystems, Mobile, DevOps, Python, DBA, C++, Chefs de Projet, Testeur Automatisation, Ing\\u00e9nieur Donn\\u00e9es, Data Scientist, Sys Admin\\u2026<\\\/p>\",\"title\":\"Expertise dans une gamme de piles technologiques\"}}]}]}],\"props\":{\"margin\":\"small\"}}]},{\"type\":\"section\",\"props\":{\"image\":\"wp-content\\\/uploads\\\/2023\\\/07\\\/Rectangle-165.png\",\"image_position\":\"center-center\",\"image_size\":\"cover\",\"padding\":\"large\",\"style\":\"default\",\"title_breakpoint\":\"xl\",\"title_position\":\"top-left\",\"title_rotation\":\"left\",\"vertical_align\":\"middle\",\"width\":\"\"},\"children\":[{\"type\":\"row\",\"children\":[{\"type\":\"column\",\"props\":{\"image_position\":\"center-center\",\"position_sticky_breakpoint\":\"m\"},\"children\":[{\"type\":\"headline\",\"props\":{\"content\":\"Renforcez votre \\u00e9quipe technique avec des talents de premier plan!\",\"text_align\":\"center\",\"title_element\":\"div\",\"title_style\":\"h1\"}},{\"type\":\"button\",\"props\":{\"grid_column_gap\":\"small\",\"grid_row_gap\":\"small\",\"margin\":\"medium\",\"text_align\":\"center\"},\"children\":[{\"type\":\"button_item\",\"props\":{\"button_style\":\"primary\",\"content\":\"PARLEZ AVEC NOUS\",\"icon_align\":\"left\",\"link\":\"mailto:geral@newanderthal.pt\"}}]}]}]}]}],\"version\":\"4.0.13\"} --><\/p>\n","protected":false},"excerpt":{"rendered":"<p>DOMAINE D&rsquo;ACTIVIT\u00c9 Nous appliquons des mod\u00e8les de collaboration innovants et solides, mis en oeuvre pour r\u00e9duire les \u00e9carts de comp\u00e9tences au sein d\u2019entreprises de premier plan, leur permettent de relever ces probl\u00e8mes lorsque les demandes commerciales sont \u00e0 leur maximum Renforcez vos aspirations num\u00e9riques. Agrandissez facilement votre \u00e9quipe selon les besoins. Comblez les lacunes en [&hellip;]<\/p>\n","protected":false},"author":1,"featured_media":3943,"parent":3932,"menu_order":0,"comment_status":"closed","ping_status":"closed","template":"","meta":{"footnotes":""},"class_list":["post-3942","page","type-page","status-publish","has-post-thumbnail","hentry"],"yoast_head":"<!-- This site is optimized with the Yoast SEO plugin v23.6 - https:\/\/yoast.com\/wordpress\/plugins\/seo\/ -->\n<title>Decskill Talent - New Anderthal<\/title>\n<meta name=\"description\" content=\"\u00c9voluez sans effort, comblez les lacunes de comp\u00e9tences, r\u00e9pondez aux pics de demande. Decskill Talent offre une collaboration flexible pour le succ\u00e8s\" \/>\n<meta name=\"robots\" content=\"index, follow, max-snippet:-1, max-image-preview:large, max-video-preview:-1\" \/>\n<link rel=\"canonical\" href=\"https:\/\/newanderthal.pt\/business-areas\/decskill-talent\/\" \/>\n<meta property=\"og:locale\" content=\"fr_FR\" \/>\n<meta property=\"og:type\" content=\"article\" \/>\n<meta property=\"og:title\" content=\"Decskill Talent - New Anderthal\" \/>\n<meta property=\"og:description\" content=\"\u00c9voluez sans effort, comblez les lacunes de comp\u00e9tences, r\u00e9pondez aux pics de demande. Decskill Talent offre une collaboration flexible pour le succ\u00e8s\" \/>\n<meta property=\"og:url\" content=\"https:\/\/newanderthal.pt\/business-areas\/decskill-talent\/\" \/>\n<meta property=\"og:site_name\" content=\"New Anderthal\" \/>\n<meta property=\"article:modified_time\" content=\"2024-02-09T17:23:40+00:00\" \/>\n<meta property=\"og:image\" content=\"https:\/\/newanderthal.pt\/wp-content\/uploads\/2023\/09\/Frame-2-1.jpg\" \/>\n\t<meta property=\"og:image:width\" content=\"1189\" \/>\n\t<meta property=\"og:image:height\" content=\"1189\" \/>\n\t<meta property=\"og:image:type\" content=\"image\/jpeg\" \/>\n<meta name=\"twitter:card\" content=\"summary_large_image\" \/>\n<meta name=\"twitter:image\" content=\"https:\/\/newanderthal.pt\/wp-content\/uploads\/2023\/09\/Frame-2-1.jpg\" \/>\n<meta name=\"twitter:label1\" content=\"Dur\u00e9e de lecture estim\u00e9e\" \/>\n\t<meta name=\"twitter:data1\" content=\"3 minutes\" \/>\n<script type=\"application\/ld+json\" class=\"yoast-schema-graph\">{\"@context\":\"https:\/\/schema.org\",\"@graph\":[{\"@type\":\"WebPage\",\"@id\":\"https:\/\/newanderthal.pt\/business-areas\/decskill-talent\/\",\"url\":\"https:\/\/newanderthal.pt\/business-areas\/decskill-talent\/\",\"name\":\"Decskill Talent - New Anderthal\",\"isPartOf\":{\"@id\":\"https:\/\/newanderthal.pt\/pt-pt\/#website\"},\"primaryImageOfPage\":{\"@id\":\"https:\/\/newanderthal.pt\/business-areas\/decskill-talent\/#primaryimage\"},\"image\":{\"@id\":\"https:\/\/newanderthal.pt\/business-areas\/decskill-talent\/#primaryimage\"},\"thumbnailUrl\":\"https:\/\/newanderthal.pt\/wp-content\/uploads\/2023\/09\/Frame-2-1.jpg\",\"datePublished\":\"2023-07-05T13:45:03+00:00\",\"dateModified\":\"2024-02-09T17:23:40+00:00\",\"description\":\"\u00c9voluez sans effort, comblez les lacunes de comp\u00e9tences, r\u00e9pondez aux pics de demande. Decskill Talent offre une collaboration flexible pour le succ\u00e8s\",\"breadcrumb\":{\"@id\":\"https:\/\/newanderthal.pt\/business-areas\/decskill-talent\/#breadcrumb\"},\"inLanguage\":\"fr-FR\",\"potentialAction\":[{\"@type\":\"ReadAction\",\"target\":[\"https:\/\/newanderthal.pt\/business-areas\/decskill-talent\/\"]}]},{\"@type\":\"ImageObject\",\"inLanguage\":\"fr-FR\",\"@id\":\"https:\/\/newanderthal.pt\/business-areas\/decskill-talent\/#primaryimage\",\"url\":\"https:\/\/newanderthal.pt\/wp-content\/uploads\/2023\/09\/Frame-2-1.jpg\",\"contentUrl\":\"https:\/\/newanderthal.pt\/wp-content\/uploads\/2023\/09\/Frame-2-1.jpg\",\"width\":1189,\"height\":1189},{\"@type\":\"BreadcrumbList\",\"@id\":\"https:\/\/newanderthal.pt\/business-areas\/decskill-talent\/#breadcrumb\",\"itemListElement\":[{\"@type\":\"ListItem\",\"position\":1,\"name\":\"Home\",\"item\":\"https:\/\/newanderthal.pt\/fr\/\"},{\"@type\":\"ListItem\",\"position\":2,\"name\":\"DOMAINES D&#8217;ACTIVIT\u00c9\",\"item\":\"https:\/\/newanderthal.pt\/business-areas\/\"},{\"@type\":\"ListItem\",\"position\":3,\"name\":\"Decskill Talent\"}]},{\"@type\":\"WebSite\",\"@id\":\"https:\/\/newanderthal.pt\/pt-pt\/#website\",\"url\":\"https:\/\/newanderthal.pt\/pt-pt\/\",\"name\":\"New Anderthal\",\"description\":\"\",\"potentialAction\":[{\"@type\":\"SearchAction\",\"target\":{\"@type\":\"EntryPoint\",\"urlTemplate\":\"https:\/\/newanderthal.pt\/pt-pt\/?s={search_term_string}\"},\"query-input\":{\"@type\":\"PropertyValueSpecification\",\"valueRequired\":true,\"valueName\":\"search_term_string\"}}],\"inLanguage\":\"fr-FR\"}]}<\/script>\n<!-- \/ Yoast SEO plugin. -->","yoast_head_json":{"title":"Decskill Talent - New Anderthal","description":"\u00c9voluez sans effort, comblez les lacunes de comp\u00e9tences, r\u00e9pondez aux pics de demande. Decskill Talent offre une collaboration flexible pour le succ\u00e8s","robots":{"index":"index","follow":"follow","max-snippet":"max-snippet:-1","max-image-preview":"max-image-preview:large","max-video-preview":"max-video-preview:-1"},"canonical":"https:\/\/newanderthal.pt\/business-areas\/decskill-talent\/","og_locale":"fr_FR","og_type":"article","og_title":"Decskill Talent - New Anderthal","og_description":"\u00c9voluez sans effort, comblez les lacunes de comp\u00e9tences, r\u00e9pondez aux pics de demande. Decskill Talent offre une collaboration flexible pour le succ\u00e8s","og_url":"https:\/\/newanderthal.pt\/business-areas\/decskill-talent\/","og_site_name":"New Anderthal","article_modified_time":"2024-02-09T17:23:40+00:00","og_image":[{"width":1189,"height":1189,"url":"https:\/\/newanderthal.pt\/wp-content\/uploads\/2023\/09\/Frame-2-1.jpg","type":"image\/jpeg"}],"twitter_card":"summary_large_image","twitter_image":"https:\/\/newanderthal.pt\/wp-content\/uploads\/2023\/09\/Frame-2-1.jpg","twitter_misc":{"Dur\u00e9e de lecture estim\u00e9e":"3 minutes"},"schema":{"@context":"https:\/\/schema.org","@graph":[{"@type":"WebPage","@id":"https:\/\/newanderthal.pt\/business-areas\/decskill-talent\/","url":"https:\/\/newanderthal.pt\/business-areas\/decskill-talent\/","name":"Decskill Talent - New Anderthal","isPartOf":{"@id":"https:\/\/newanderthal.pt\/pt-pt\/#website"},"primaryImageOfPage":{"@id":"https:\/\/newanderthal.pt\/business-areas\/decskill-talent\/#primaryimage"},"image":{"@id":"https:\/\/newanderthal.pt\/business-areas\/decskill-talent\/#primaryimage"},"thumbnailUrl":"https:\/\/newanderthal.pt\/wp-content\/uploads\/2023\/09\/Frame-2-1.jpg","datePublished":"2023-07-05T13:45:03+00:00","dateModified":"2024-02-09T17:23:40+00:00","description":"\u00c9voluez sans effort, comblez les lacunes de comp\u00e9tences, r\u00e9pondez aux pics de demande. Decskill Talent offre une collaboration flexible pour le succ\u00e8s","breadcrumb":{"@id":"https:\/\/newanderthal.pt\/business-areas\/decskill-talent\/#breadcrumb"},"inLanguage":"fr-FR","potentialAction":[{"@type":"ReadAction","target":["https:\/\/newanderthal.pt\/business-areas\/decskill-talent\/"]}]},{"@type":"ImageObject","inLanguage":"fr-FR","@id":"https:\/\/newanderthal.pt\/business-areas\/decskill-talent\/#primaryimage","url":"https:\/\/newanderthal.pt\/wp-content\/uploads\/2023\/09\/Frame-2-1.jpg","contentUrl":"https:\/\/newanderthal.pt\/wp-content\/uploads\/2023\/09\/Frame-2-1.jpg","width":1189,"height":1189},{"@type":"BreadcrumbList","@id":"https:\/\/newanderthal.pt\/business-areas\/decskill-talent\/#breadcrumb","itemListElement":[{"@type":"ListItem","position":1,"name":"Home","item":"https:\/\/newanderthal.pt\/fr\/"},{"@type":"ListItem","position":2,"name":"DOMAINES D&#8217;ACTIVIT\u00c9","item":"https:\/\/newanderthal.pt\/business-areas\/"},{"@type":"ListItem","position":3,"name":"Decskill Talent"}]},{"@type":"WebSite","@id":"https:\/\/newanderthal.pt\/pt-pt\/#website","url":"https:\/\/newanderthal.pt\/pt-pt\/","name":"New Anderthal","description":"","potentialAction":[{"@type":"SearchAction","target":{"@type":"EntryPoint","urlTemplate":"https:\/\/newanderthal.pt\/pt-pt\/?s={search_term_string}"},"query-input":{"@type":"PropertyValueSpecification","valueRequired":true,"valueName":"search_term_string"}}],"inLanguage":"fr-FR"}]}},"_links":{"self":[{"href":"https:\/\/newanderthal.pt\/fr\/wp-json\/wp\/v2\/pages\/3942","targetHints":{"allow":["GET"]}}],"collection":[{"href":"https:\/\/newanderthal.pt\/fr\/wp-json\/wp\/v2\/pages"}],"about":[{"href":"https:\/\/newanderthal.pt\/fr\/wp-json\/wp\/v2\/types\/page"}],"author":[{"embeddable":true,"href":"https:\/\/newanderthal.pt\/fr\/wp-json\/wp\/v2\/users\/1"}],"replies":[{"embeddable":true,"href":"https:\/\/newanderthal.pt\/fr\/wp-json\/wp\/v2\/comments?post=3942"}],"version-history":[{"count":3,"href":"https:\/\/newanderthal.pt\/fr\/wp-json\/wp\/v2\/pages\/3942\/revisions"}],"predecessor-version":[{"id":4543,"href":"https:\/\/newanderthal.pt\/fr\/wp-json\/wp\/v2\/pages\/3942\/revisions\/4543"}],"up":[{"embeddable":true,"href":"https:\/\/newanderthal.pt\/fr\/wp-json\/wp\/v2\/pages\/3932"}],"wp:featuredmedia":[{"embeddable":true,"href":"https:\/\/newanderthal.pt\/fr\/wp-json\/wp\/v2\/media\/3943"}],"wp:attachment":[{"href":"https:\/\/newanderthal.pt\/fr\/wp-json\/wp\/v2\/media?parent=3942"}],"curies":[{"name":"wp","href":"https:\/\/api.w.org\/{rel}","templated":true}]}}