{"id":3378,"date":"2023-07-05T13:45:03","date_gmt":"2023-07-05T13:45:03","guid":{"rendered":"https:\/\/newanderthal.stg.mindshaker.com\/business-areas\/decskill-talent\/"},"modified":"2023-09-26T22:38:17","modified_gmt":"2023-09-26T22:38:17","slug":"decskill-talent","status":"publish","type":"page","link":"https:\/\/newanderthal.pt\/pt-pt\/areas-de-negocio\/decskill-talent\/","title":{"rendered":"Decskill Talent"},"content":{"rendered":"<h2>\u00c1REA DE NEG\u00d3CIO<\/h2>\n<p><img decoding=\"async\" src=\"\/wp-content\/uploads\/2023\/07\/LOGOS_NOVOS_TBC-01-1-1.svg\" alt=\"\"><\/p>\n<div>\n<p>Implementamos modelos de colabora\u00e7\u00e3o inovadores aumentam a capacidade das equipas t\u00e9cnicas e reduzem lacunas de compet\u00eancias nas empresas, permitindo resolver os desafios da transforma\u00e7\u00e3o digital.<\/p>\n<\/div>\n<h2><strong>Concretize as suas aspira\u00e7\u00f5es digitais. Dimensione sem esfor\u00e7o e com equipas flex\u00edveis\u00a0 \u00a0as lacunas de compet\u00eancias tecnol\u00f3gica.\u00a0<\/strong><\/h2>\n<div>\n<p>As empresas enfrentam desafios relacionados com o n\u00famero de entregas tecnol\u00f3gicas que n\u00e3o conseguem satisfazer, comprometendo as suas expectativas de transforma\u00e7\u00e3o, escalabilidade e crescimento do seu neg\u00f3cio. Os tamanhos das equipas podem crescer d mediante um planeamento cuidadoso em termos de esfor\u00e7o e tecnologia.<\/p>\n<\/div>\n<p><img decoding=\"async\" src=\"\/wp-content\/uploads\/2023\/07\/Rectangle-48.png\" alt=\"\"><\/p>\n<h2>Extended Team<\/h2>\n<div>\n<p>Acrescentar compet\u00eancias \u00e0 sua equipa existente, geridas pelos seus gestores de projeto. Asseguramos a agilidade do processo de aquisi\u00e7\u00e3o de talentos.<\/p>\n<p><strong> Benef\u00edcios:<\/strong> <br \/>\u2022Controlo total dos processos e da gest\u00e3o da equipa;<br \/>\u2022Acelerar a entrega de produtos com um curto tempo de lan\u00e7amento no mercado; <br \/>\u2022Criar v\u00e1rias equipas para projetos mais longos;<br \/>\u2022Melhor equil\u00edbrio da equipa respondendo a picos de desenvolvimento, resolu\u00e7\u00e3o de problemas ou\u00a0 resposta a lacunas t\u00e9cnicas.<\/p>\n<\/div>\n<p><img decoding=\"async\" src=\"\/wp-content\/uploads\/2023\/07\/Rectangle-49-1.png\" alt=\"\"><\/p>\n<h2>Managed Team<\/h2>\n<div>\n<p>Constituir uma equipa de desenvolvimento, suporte ou gest\u00e3o de infra-estruturas, orientada para um objetivo e \u00e2mbito espec\u00edficos, com SLAs claros e resultados esperados.<\/p>\n<p><strong>Beneficios:<\/strong> <br \/>\u2022Facilidade de integra\u00e7\u00e3o e transfer\u00eancia de conhecimentos; <br \/>\u2022Uma equipa comprometida com os resultados;<br \/>\u2022Defini\u00e7\u00e3o dos principais KPIs, monitoriza\u00e7\u00e3o e otimiza\u00e7\u00e3o; <br \/>\u2022Comunica\u00e7\u00e3o regular de status, relat\u00f3rios e resolu\u00e7\u00e3o de problemas.; <br \/>\u2022Rever e avaliar regularmente o desempenho da equipa gerida; <br \/>\u2022Partilha de riscos com gest\u00e3o de servi\u00e7os 360.<\/p>\n<\/div>\n<p>\n    <a href=\"https:\/\/decskill.com\/en\/talent\/\">VER website<\/a>\n<\/p>\n<h2>Porqu\u00ea a Decskill Talent?<\/h2>\n<ul>\n<li>\n<div>Mais de 500 consultores especializados<\/div>\n<div>\n<p>Somos uma equipa de consultores experientes, com um hist\u00f3rico comprovado de entrega de solu\u00e7\u00f5es digitais de qualidade em v\u00e1rias ind\u00fastrias.<\/p>\n<\/div>\n<\/li>\n<li>\n<div>Criar a equipa de Squad perfeita<\/div>\n<div>\n<p>Constru\u00edmos equipas preparadas para corresponder a necessidades\u00a0 por dimens\u00e3o e compet\u00eancias, Uma equipa Squad \u00e9 normalmente constitu\u00edda por 1x Product Owner, 1x Scrum Master, 2 a 4 programadores.<\/p>\n<\/div>\n<\/li>\n<li>\n<div>Experi\u00eancia tecnol\u00f3gica<\/div>\n<div>\n<p>A nossa equipa t\u00e9cnica tem compet\u00eancias em diferentes tecnologias: .Net, Java, PHP, Angular, React, OutSystems, Mobile, DevOps, Python, DBA, C++, Gestores de Projeto, DBA, Testador de Automa\u00e7\u00e3o, Engenheiro de Dados, Cientista de Dados, Administrador de Sistemas&#8230;<\/p>\n<\/div>\n<\/li>\n<\/ul>\n<div>Aumente a sua equipa t\u00e9cnica com os melhores talentos!<\/div>\n<p>\n    <a href=\"mailto:geral@newanderthal.pt\">FALE CONNOSCO<\/a>\n<\/p>\n<p><!--more--><br \/>\n<!-- {\"type\":\"layout\",\"children\":[{\"name\":\"Hero\",\"type\":\"section\",\"props\":{\"animation\":\"fade\",\"header_transparent\":\"light\",\"header_transparent_noplaceholder\":true,\"height\":\"full\",\"image\":\"wp-content\\\/uploads\\\/2023\\\/07\\\/Rectangle-47.png\",\"image_loading\":true,\"image_position\":\"center-center\",\"image_size\":\"cover\",\"image_width\":\"2560\",\"style\":\"default\",\"text_color\":\"light\",\"title_breakpoint\":\"xl\",\"title_position\":\"top-left\",\"title_rotation\":\"left\",\"vertical_align\":\"middle\",\"width\":\"default\"},\"children\":[{\"type\":\"row\",\"children\":[{\"type\":\"column\",\"props\":{\"image_position\":\"center-center\",\"position_sticky_breakpoint\":\"m\",\"width_medium\":\"1-1\"},\"children\":[{\"type\":\"headline\",\"props\":{\"content\":\"\\u00c1REA DE NEG\\u00d3CIO\",\"margin\":\"default\",\"text_align\":\"center\",\"title_color\":\"primary\",\"title_element\":\"h2\",\"title_style\":\"h6\"}},{\"type\":\"image\",\"props\":{\"image\":\"wp-content\\\/uploads\\\/2023\\\/07\\\/LOGOS_NOVOS_TBC-01-1-1.svg\",\"image_svg_color\":\"emphasis\",\"image_width\":\"344\",\"margin\":\"medium\",\"text_align\":\"center\"}},{\"type\":\"text\",\"props\":{\"animation\":\"slide-top-small\",\"block_align\":\"center\",\"class\":\"uk-h4 uk-text-light\",\"column_breakpoint\":\"m\",\"content\":\"\n\n<p>Implementamos modelos de colabora\\u00e7\\u00e3o inovadores aumentam a capacidade das equipas t\\u00e9cnicas e reduzem lacunas de compet\\u00eancias nas empresas, permitindo resolver os desafios da transforma\\u00e7\\u00e3o digital.<\\\/p>\",\"margin\":\"default\",\"text_align\":\"center\"}}]}],\"props\":{\"width\":\"small\"}}]},{\"name\":\"S & C\",\"type\":\"section\",\"props\":{\"animation\":\"fade\",\"animation_delay\":\"200\",\"image_position\":\"center-center\",\"image_size\":\"cover\",\"padding\":\"large\",\"style\":\"default\",\"title_breakpoint\":\"xl\",\"title_position\":\"top-left\",\"title_rotation\":\"left\",\"vertical_align\":\"middle\",\"width\":\"default\"},\"children\":[{\"type\":\"row\",\"props\":{\"margin\":\"small\"},\"children\":[{\"type\":\"column\",\"props\":{\"image_position\":\"center-center\",\"position_sticky_breakpoint\":\"m\",\"width_medium\":\"1-1\"},\"children\":[{\"type\":\"headline\",\"props\":{\"content\":\"<strong>Concretize as suas aspira\\u00e7\\u00f5es digitais. Dimensione sem esfor\\u00e7o e com equipas flex\\u00edveis\\u00a0 \\u00a0as lacunas de compet\\u00eancias tecnol\\u00f3gica.\\u00a0<\\\/strong>\",\"title_color\":\"secondary\",\"title_decoration\":\"bullet\",\"title_element\":\"h2\",\"title_style\":\"h1\"}}]}]},{\"type\":\"row\",\"children\":[{\"type\":\"column\",\"props\":{\"image_position\":\"center-center\",\"position_sticky_breakpoint\":\"m\"},\"children\":[{\"type\":\"text\",\"props\":{\"column_breakpoint\":\"m\",\"content\":\"\n\n<p>As empresas enfrentam desafios relacionados com o n\\u00famero de entregas tecnol\\u00f3gicas que n\\u00e3o conseguem satisfazer, comprometendo as suas expectativas de transforma\\u00e7\\u00e3o, escalabilidade e crescimento do seu neg\\u00f3cio. Os tamanhos das equipas podem crescer d mediante um planeamento cuidadoso em termos de esfor\\u00e7o e tecnologia.<\\\/p>\",\"margin\":\"default\"}}]}]},{\"type\":\"row\",\"props\":{\"column_gap\":\"large\",\"layout\":\"1-2,1-2\"},\"children\":[{\"type\":\"column\",\"props\":{\"image_position\":\"center-center\",\"position_sticky_breakpoint\":\"m\",\"width_medium\":\"1-2\"},\"children\":[{\"type\":\"image\",\"props\":{\"image\":\"wp-content\\\/uploads\\\/2023\\\/07\\\/Rectangle-48.png\",\"image_svg_color\":\"emphasis\",\"image_width\":\"860px\",\"margin\":\"default\"}},{\"type\":\"headline\",\"props\":{\"content\":\"Extended Team\",\"title_color\":\"primary\",\"title_element\":\"h2\",\"title_style\":\"h3\"}},{\"type\":\"text\",\"props\":{\"column_breakpoint\":\"m\",\"content\":\"\n\n<p>Acrescentar compet\\u00eancias \\u00e0 sua equipa existente, geridas pelos seus gestores de projeto. Asseguramos a agilidade do processo de aquisi\\u00e7\\u00e3o de talentos.<\\\/p>\\n\n\n<p><strong> Benef\\u00edcios:<\\\/strong> <br \\\/>\\u2022Controlo total dos processos e da gest\\u00e3o da equipa;<br \\\/>\\u2022Acelerar a entrega de produtos com um curto tempo de lan\\u00e7amento no mercado; <br \\\/>\\u2022Criar v\\u00e1rias equipas para projetos mais longos;<br \\\/>\\u2022Melhor equil\\u00edbrio da equipa respondendo a picos de desenvolvimento, resolu\\u00e7\\u00e3o de problemas ou\\u00a0 resposta a lacunas t\\u00e9cnicas.<\\\/p>\",\"margin\":\"default\"}}]},{\"type\":\"column\",\"props\":{\"image_position\":\"center-center\",\"position_sticky_breakpoint\":\"m\",\"width_medium\":\"1-2\"},\"children\":[{\"type\":\"image\",\"props\":{\"image\":\"wp-content\\\/uploads\\\/2023\\\/07\\\/Rectangle-49-1.png\",\"image_svg_color\":\"emphasis\",\"image_width\":\"860px\",\"margin\":\"default\"}},{\"type\":\"headline\",\"props\":{\"content\":\"Managed Team\",\"title_color\":\"primary\",\"title_element\":\"h2\",\"title_style\":\"h3\"}},{\"type\":\"text\",\"props\":{\"column_breakpoint\":\"m\",\"content\":\"\n\n<p>Constituir uma equipa de desenvolvimento, suporte ou gest\\u00e3o de infra-estruturas, orientada para um objetivo e \\u00e2mbito espec\\u00edficos, com SLAs claros e resultados esperados.<\\\/p>\\n\n\n<p><strong>Beneficios:<\\\/strong> <br \\\/>\\u2022Facilidade de integra\\u00e7\\u00e3o e transfer\\u00eancia de conhecimentos; <br \\\/>\\u2022Uma equipa comprometida com os resultados;<br \\\/>\\u2022Defini\\u00e7\\u00e3o dos principais KPIs, monitoriza\\u00e7\\u00e3o e otimiza\\u00e7\\u00e3o; <br \\\/>\\u2022Comunica\\u00e7\\u00e3o regular de status, relat\\u00f3rios e resolu\\u00e7\\u00e3o de problemas.; <br \\\/>\\u2022Rever e avaliar regularmente o desempenho da equipa gerida; <br \\\/>\\u2022Partilha de riscos com gest\\u00e3o de servi\\u00e7os 360.<\\\/p>\",\"margin\":\"default\"}}]}]},{\"type\":\"row\",\"props\":{\"margin\":\"medium\"},\"children\":[{\"type\":\"column\",\"props\":{\"image_position\":\"center-center\",\"position_sticky_breakpoint\":\"m\"},\"children\":[{\"type\":\"button\",\"props\":{\"grid_column_gap\":\"small\",\"grid_row_gap\":\"small\",\"margin\":\"default\",\"text_align\":\"center\"},\"children\":[{\"type\":\"button_item\",\"props\":{\"button_style\":\"default\",\"content\":\"VER website\",\"icon_align\":\"left\",\"link\":\"https:\\\/\\\/decskill.com\\\/en\\\/talent\\\/\",\"link_target\":\"blank\"}}]}]}]}]},{\"type\":\"section\",\"props\":{\"image_position\":\"center-center\",\"padding\":\"large\",\"preserve_color\":true,\"style\":\"primary\",\"title_breakpoint\":\"xl\",\"title_position\":\"top-left\",\"title_rotation\":\"left\",\"vertical_align\":\"middle\",\"width\":\"default\"},\"children\":[{\"type\":\"row\",\"props\":{\"margin\":\"large\"},\"children\":[{\"type\":\"column\",\"props\":{\"image_position\":\"center-center\",\"position_sticky_breakpoint\":\"m\",\"width_medium\":\"1-1\"},\"children\":[{\"type\":\"headline\",\"props\":{\"class\":\"uk-text-capitalize\",\"content\":\"Porqu\\u00ea a Decskill Talent?\",\"title_decoration\":\"bullet\",\"title_element\":\"h2\"}}]}]},{\"type\":\"row\",\"children\":[{\"type\":\"column\",\"props\":{\"image_position\":\"center-center\",\"position_sticky_breakpoint\":\"m\"},\"children\":[{\"type\":\"panel-slider\",\"props\":{\"class\":\"business-area-slider\",\"content_column_breakpoint\":\"m\",\"content_margin\":\"medium\",\"icon_width\":80,\"image_align\":\"top\",\"image_grid_breakpoint\":\"m\",\"image_grid_width\":\"1-2\",\"image_svg_color\":\"emphasis\",\"link_style\":\"default\",\"link_text\":\"Read more\",\"margin\":\"default\",\"meta_align\":\"below-title\",\"meta_element\":\"div\",\"meta_style\":\"text-meta\",\"nav\":\"dotnav\",\"nav_align\":\"center\",\"nav_breakpoint\":\"\",\"nav_color\":\"light\",\"nav_margin\":\"large\",\"panel_card_match\":true,\"panel_padding\":\"large\",\"panel_style\":\"card-default\",\"show_content\":true,\"show_image\":false,\"show_link\":false,\"show_meta\":true,\"show_title\":true,\"slidenav\":\"outside\",\"slidenav_breakpoint\":\"xl\",\"slidenav_margin\":\"medium\",\"slidenav_outside_breakpoint\":\"xl\",\"slider_autoplay_pause\":true,\"slider_gap\":\"default\",\"slider_width\":\"fixed\",\"slider_width_default\":\"1-1\",\"slider_width_medium\":\"1-3\",\"slider_width_small\":\"1-2\",\"text_align\":\"center\",\"title_align\":\"top\",\"title_color\":\"primary\",\"title_element\":\"div\",\"title_grid_breakpoint\":\"m\",\"title_grid_width\":\"1-2\",\"title_hover_style\":\"reset\",\"title_style\":\"text-large\"},\"children\":[{\"type\":\"panel-slider_item\",\"props\":{\"content\":\"\n\n<p>Somos uma equipa de consultores experientes, com um hist\\u00f3rico comprovado de entrega de solu\\u00e7\\u00f5es digitais de qualidade em v\\u00e1rias ind\\u00fastrias.<\\\/p>\",\"title\":\"Mais de 500 consultores especializados\"}},{\"type\":\"panel-slider_item\",\"props\":{\"content\":\"\n\n<p>Constru\\u00edmos equipas preparadas para corresponder a necessidades\\u00a0 por dimens\\u00e3o e compet\\u00eancias, Uma equipa Squad \\u00e9 normalmente constitu\\u00edda por 1x Product Owner, 1x Scrum Master, 2 a 4 programadores.<\\\/p>\",\"title\":\"Criar a equipa de Squad perfeita\"}},{\"type\":\"panel-slider_item\",\"props\":{\"content\":\"\n\n<p>A nossa equipa t\\u00e9cnica tem compet\\u00eancias em diferentes tecnologias: .Net, Java, PHP, Angular, React, OutSystems, Mobile, DevOps, Python, DBA, C++, Gestores de Projeto, DBA, Testador de Automa\\u00e7\\u00e3o, Engenheiro de Dados, Cientista de Dados, Administrador de Sistemas...<\\\/p>\",\"title\":\"Experi\\u00eancia tecnol\\u00f3gica\"}}]}]}],\"props\":{\"margin\":\"small\"}}]},{\"type\":\"section\",\"props\":{\"image\":\"wp-content\\\/uploads\\\/2023\\\/07\\\/Rectangle-165.png\",\"image_position\":\"center-center\",\"image_size\":\"cover\",\"padding\":\"large\",\"style\":\"default\",\"title_breakpoint\":\"xl\",\"title_position\":\"top-left\",\"title_rotation\":\"left\",\"vertical_align\":\"middle\",\"width\":\"\"},\"children\":[{\"type\":\"row\",\"children\":[{\"type\":\"column\",\"props\":{\"image_position\":\"center-center\",\"position_sticky_breakpoint\":\"m\"},\"children\":[{\"type\":\"headline\",\"props\":{\"content\":\"Aumente a sua equipa t\\u00e9cnica com os melhores talentos!\",\"text_align\":\"center\",\"title_element\":\"div\",\"title_style\":\"h1\"}},{\"type\":\"button\",\"props\":{\"grid_column_gap\":\"small\",\"grid_row_gap\":\"small\",\"margin\":\"medium\",\"text_align\":\"center\"},\"children\":[{\"type\":\"button_item\",\"props\":{\"button_style\":\"primary\",\"content\":\"FALE CONNOSCO\",\"icon_align\":\"left\",\"link\":\"mailto:geral@newanderthal.pt\"}}]}]}]}]}],\"version\":\"4.0.7\"} --><\/p>\n","protected":false},"excerpt":{"rendered":"<p>\u00c1REA DE NEG\u00d3CIO Implementamos modelos de colabora\u00e7\u00e3o inovadores aumentam a capacidade das equipas t\u00e9cnicas e reduzem lacunas de compet\u00eancias nas empresas, permitindo resolver os desafios da transforma\u00e7\u00e3o digital. Concretize as suas aspira\u00e7\u00f5es digitais. Dimensione sem esfor\u00e7o e com equipas flex\u00edveis\u00a0 \u00a0as lacunas de compet\u00eancias tecnol\u00f3gica.\u00a0 As empresas enfrentam desafios relacionados com o n\u00famero de entregas [&hellip;]<\/p>\n","protected":false},"author":1,"featured_media":3902,"parent":3362,"menu_order":0,"comment_status":"closed","ping_status":"closed","template":"","meta":{"footnotes":""},"class_list":["post-3378","page","type-page","status-publish","has-post-thumbnail","hentry"],"yoast_head":"<!-- This site is optimized with the Yoast SEO plugin v23.6 - https:\/\/yoast.com\/wordpress\/plugins\/seo\/ -->\n<title>Decskill Talent - New Anderthal<\/title>\n<meta name=\"description\" content=\"Empower Digital Aspirations: Scale effortlessly, bridge skills gaps, meet peak demands. Decskill Talent offers flexible collaboration for success.\" \/>\n<meta name=\"robots\" content=\"index, follow, max-snippet:-1, max-image-preview:large, max-video-preview:-1\" \/>\n<link rel=\"canonical\" href=\"https:\/\/newanderthal.pt\/business-areas\/decskill-talent\/\" \/>\n<meta property=\"og:locale\" content=\"pt_PT\" \/>\n<meta property=\"og:type\" content=\"article\" \/>\n<meta property=\"og:title\" content=\"Decskill Talent - New Anderthal\" \/>\n<meta property=\"og:description\" content=\"Empower Digital Aspirations: Scale effortlessly, bridge skills gaps, meet peak demands. Decskill Talent offers flexible collaboration for success.\" \/>\n<meta property=\"og:url\" content=\"https:\/\/newanderthal.pt\/business-areas\/decskill-talent\/\" \/>\n<meta property=\"og:site_name\" content=\"New Anderthal\" \/>\n<meta property=\"article:modified_time\" content=\"2023-09-26T22:38:17+00:00\" \/>\n<meta property=\"og:image\" content=\"https:\/\/newanderthal.pt\/wp-content\/uploads\/2023\/09\/Frame-2-1.jpg\" \/>\n\t<meta property=\"og:image:width\" content=\"1189\" \/>\n\t<meta property=\"og:image:height\" content=\"1189\" \/>\n\t<meta property=\"og:image:type\" content=\"image\/jpeg\" \/>\n<meta name=\"twitter:card\" content=\"summary_large_image\" \/>\n<meta name=\"twitter:label1\" content=\"Tempo estimado de leitura\" \/>\n\t<meta name=\"twitter:data1\" content=\"3 minutos\" \/>\n<script type=\"application\/ld+json\" class=\"yoast-schema-graph\">{\"@context\":\"https:\/\/schema.org\",\"@graph\":[{\"@type\":\"WebPage\",\"@id\":\"https:\/\/newanderthal.pt\/business-areas\/decskill-talent\/\",\"url\":\"https:\/\/newanderthal.pt\/business-areas\/decskill-talent\/\",\"name\":\"Decskill Talent - New Anderthal\",\"isPartOf\":{\"@id\":\"https:\/\/newanderthal.pt\/pt-pt\/#website\"},\"primaryImageOfPage\":{\"@id\":\"https:\/\/newanderthal.pt\/business-areas\/decskill-talent\/#primaryimage\"},\"image\":{\"@id\":\"https:\/\/newanderthal.pt\/business-areas\/decskill-talent\/#primaryimage\"},\"thumbnailUrl\":\"https:\/\/newanderthal.pt\/wp-content\/uploads\/2023\/09\/Frame-2-1.jpg\",\"datePublished\":\"2023-07-05T13:45:03+00:00\",\"dateModified\":\"2023-09-26T22:38:17+00:00\",\"description\":\"Empower Digital Aspirations: Scale effortlessly, bridge skills gaps, meet peak demands. Decskill Talent offers flexible collaboration for success.\",\"breadcrumb\":{\"@id\":\"https:\/\/newanderthal.pt\/business-areas\/decskill-talent\/#breadcrumb\"},\"inLanguage\":\"pt-PT\",\"potentialAction\":[{\"@type\":\"ReadAction\",\"target\":[\"https:\/\/newanderthal.pt\/business-areas\/decskill-talent\/\"]}]},{\"@type\":\"ImageObject\",\"inLanguage\":\"pt-PT\",\"@id\":\"https:\/\/newanderthal.pt\/business-areas\/decskill-talent\/#primaryimage\",\"url\":\"https:\/\/newanderthal.pt\/wp-content\/uploads\/2023\/09\/Frame-2-1.jpg\",\"contentUrl\":\"https:\/\/newanderthal.pt\/wp-content\/uploads\/2023\/09\/Frame-2-1.jpg\",\"width\":1189,\"height\":1189},{\"@type\":\"BreadcrumbList\",\"@id\":\"https:\/\/newanderthal.pt\/business-areas\/decskill-talent\/#breadcrumb\",\"itemListElement\":[{\"@type\":\"ListItem\",\"position\":1,\"name\":\"Home\",\"item\":\"https:\/\/newanderthal.pt\/\"},{\"@type\":\"ListItem\",\"position\":2,\"name\":\"\u00c1reas de Neg\u00f3cio\",\"item\":\"https:\/\/newanderthal.pt\/pt-pt\/areas-de-negocio\/\"},{\"@type\":\"ListItem\",\"position\":3,\"name\":\"Decskill Talent\"}]},{\"@type\":\"WebSite\",\"@id\":\"https:\/\/newanderthal.pt\/pt-pt\/#website\",\"url\":\"https:\/\/newanderthal.pt\/pt-pt\/\",\"name\":\"New Anderthal\",\"description\":\"\",\"potentialAction\":[{\"@type\":\"SearchAction\",\"target\":{\"@type\":\"EntryPoint\",\"urlTemplate\":\"https:\/\/newanderthal.pt\/pt-pt\/?s={search_term_string}\"},\"query-input\":{\"@type\":\"PropertyValueSpecification\",\"valueRequired\":true,\"valueName\":\"search_term_string\"}}],\"inLanguage\":\"pt-PT\"}]}<\/script>\n<!-- \/ Yoast SEO plugin. -->","yoast_head_json":{"title":"Decskill Talent - New Anderthal","description":"Empower Digital Aspirations: Scale effortlessly, bridge skills gaps, meet peak demands. Decskill Talent offers flexible collaboration for success.","robots":{"index":"index","follow":"follow","max-snippet":"max-snippet:-1","max-image-preview":"max-image-preview:large","max-video-preview":"max-video-preview:-1"},"canonical":"https:\/\/newanderthal.pt\/business-areas\/decskill-talent\/","og_locale":"pt_PT","og_type":"article","og_title":"Decskill Talent - New Anderthal","og_description":"Empower Digital Aspirations: Scale effortlessly, bridge skills gaps, meet peak demands. Decskill Talent offers flexible collaboration for success.","og_url":"https:\/\/newanderthal.pt\/business-areas\/decskill-talent\/","og_site_name":"New Anderthal","article_modified_time":"2023-09-26T22:38:17+00:00","og_image":[{"width":1189,"height":1189,"url":"https:\/\/newanderthal.pt\/wp-content\/uploads\/2023\/09\/Frame-2-1.jpg","type":"image\/jpeg"}],"twitter_card":"summary_large_image","twitter_misc":{"Tempo estimado de leitura":"3 minutos"},"schema":{"@context":"https:\/\/schema.org","@graph":[{"@type":"WebPage","@id":"https:\/\/newanderthal.pt\/business-areas\/decskill-talent\/","url":"https:\/\/newanderthal.pt\/business-areas\/decskill-talent\/","name":"Decskill Talent - New Anderthal","isPartOf":{"@id":"https:\/\/newanderthal.pt\/pt-pt\/#website"},"primaryImageOfPage":{"@id":"https:\/\/newanderthal.pt\/business-areas\/decskill-talent\/#primaryimage"},"image":{"@id":"https:\/\/newanderthal.pt\/business-areas\/decskill-talent\/#primaryimage"},"thumbnailUrl":"https:\/\/newanderthal.pt\/wp-content\/uploads\/2023\/09\/Frame-2-1.jpg","datePublished":"2023-07-05T13:45:03+00:00","dateModified":"2023-09-26T22:38:17+00:00","description":"Empower Digital Aspirations: Scale effortlessly, bridge skills gaps, meet peak demands. Decskill Talent offers flexible collaboration for success.","breadcrumb":{"@id":"https:\/\/newanderthal.pt\/business-areas\/decskill-talent\/#breadcrumb"},"inLanguage":"pt-PT","potentialAction":[{"@type":"ReadAction","target":["https:\/\/newanderthal.pt\/business-areas\/decskill-talent\/"]}]},{"@type":"ImageObject","inLanguage":"pt-PT","@id":"https:\/\/newanderthal.pt\/business-areas\/decskill-talent\/#primaryimage","url":"https:\/\/newanderthal.pt\/wp-content\/uploads\/2023\/09\/Frame-2-1.jpg","contentUrl":"https:\/\/newanderthal.pt\/wp-content\/uploads\/2023\/09\/Frame-2-1.jpg","width":1189,"height":1189},{"@type":"BreadcrumbList","@id":"https:\/\/newanderthal.pt\/business-areas\/decskill-talent\/#breadcrumb","itemListElement":[{"@type":"ListItem","position":1,"name":"Home","item":"https:\/\/newanderthal.pt\/"},{"@type":"ListItem","position":2,"name":"\u00c1reas de Neg\u00f3cio","item":"https:\/\/newanderthal.pt\/pt-pt\/areas-de-negocio\/"},{"@type":"ListItem","position":3,"name":"Decskill Talent"}]},{"@type":"WebSite","@id":"https:\/\/newanderthal.pt\/pt-pt\/#website","url":"https:\/\/newanderthal.pt\/pt-pt\/","name":"New Anderthal","description":"","potentialAction":[{"@type":"SearchAction","target":{"@type":"EntryPoint","urlTemplate":"https:\/\/newanderthal.pt\/pt-pt\/?s={search_term_string}"},"query-input":{"@type":"PropertyValueSpecification","valueRequired":true,"valueName":"search_term_string"}}],"inLanguage":"pt-PT"}]}},"_links":{"self":[{"href":"https:\/\/newanderthal.pt\/pt-pt\/wp-json\/wp\/v2\/pages\/3378","targetHints":{"allow":["GET"]}}],"collection":[{"href":"https:\/\/newanderthal.pt\/pt-pt\/wp-json\/wp\/v2\/pages"}],"about":[{"href":"https:\/\/newanderthal.pt\/pt-pt\/wp-json\/wp\/v2\/types\/page"}],"author":[{"embeddable":true,"href":"https:\/\/newanderthal.pt\/pt-pt\/wp-json\/wp\/v2\/users\/1"}],"replies":[{"embeddable":true,"href":"https:\/\/newanderthal.pt\/pt-pt\/wp-json\/wp\/v2\/comments?post=3378"}],"version-history":[{"count":3,"href":"https:\/\/newanderthal.pt\/pt-pt\/wp-json\/wp\/v2\/pages\/3378\/revisions"}],"predecessor-version":[{"id":3729,"href":"https:\/\/newanderthal.pt\/pt-pt\/wp-json\/wp\/v2\/pages\/3378\/revisions\/3729"}],"up":[{"embeddable":true,"href":"https:\/\/newanderthal.pt\/pt-pt\/wp-json\/wp\/v2\/pages\/3362"}],"wp:featuredmedia":[{"embeddable":true,"href":"https:\/\/newanderthal.pt\/pt-pt\/wp-json\/wp\/v2\/media\/3902"}],"wp:attachment":[{"href":"https:\/\/newanderthal.pt\/pt-pt\/wp-json\/wp\/v2\/media?parent=3378"}],"curies":[{"name":"wp","href":"https:\/\/api.w.org\/{rel}","templated":true}]}}